{"id":5394,"date":"2024-06-19T00:36:13","date_gmt":"2024-06-18T22:36:13","guid":{"rendered":"https:\/\/www.sweetmemories.it\/?post_type=product&#038;p=5394"},"modified":"2025-07-07T17:45:55","modified_gmt":"2025-07-07T15:45:55","slug":"gelee-miste-limone-arancia","status":"publish","type":"product","link":"https:\/\/www.sweetmemories.it\/en\/product\/gelee-miste-limone-arancia\/","title":{"rendered":"Gele\u00e8 Limoncello e Arancia"},"content":{"rendered":"<div class=\"flex-1 overflow-hidden @container\/thread\">\n<div class=\"h-full\">\n<div class=\"react-scroll-to-bottom--css-mkgog-79elbk h-full\">\n<div class=\"react-scroll-to-bottom--css-mkgog-1n7m0yu\">\n<div class=\"flex flex-col text-sm md:pb-9\">\n<article class=\"w-full scroll-mb-[var(--thread-trailing-height,150px)] text-token-text-primary focus-visible:outline-2 focus-visible:outline-offset-[-4px]\" dir=\"auto\" data-testid=\"conversation-turn-17\" data-scroll-anchor=\"true\">\n<div class=\"m-auto text-base py-[18px] px-3 md:px-4 w-full md:px-5 lg:px-4 xl:px-5\">\n<div class=\"mx-auto flex flex-1 gap-4 text-base md:gap-5 lg:gap-6 md:max-w-3xl\">\n<div class=\"group\/conversation-turn relative flex w-full min-w-0 flex-col agent-turn\">\n<div class=\"flex-col gap-1 md:gap-3\">\n<div class=\"flex max-w-full flex-col flex-grow\">\n<div class=\"min-h-8 text-message flex w-full flex-col items-end gap-2 whitespace-normal break-words text-start [.text-message+&amp;]:mt-5\" dir=\"auto\" data-message-author-role=\"assistant\" data-message-id=\"8b5f6fa6-f8c6-4df2-9c34-91c8f999693d\" data-message-model-slug=\"gpt-4o-mini\">\n<div class=\"flex w-full flex-col gap-1 empty:hidden first:pt-[3px]\">\n<div class=\"markdown prose w-full break-words dark:prose-invert light\">\n<p><strong>Caramelle Morbide Gele\u00e8 al Gusto Arancia e Limoncello <\/strong>200 g<\/p>\n<p>Le nostre <strong>caramelle morbide gele\u00e8<\/strong> al gusto di <strong>arancia con succo di frutta<\/strong> e <strong>limoncello<\/strong>\u00a0sono un incontro perfetto tra il dolce e il rinfrescante, per una vera e propria esplosione di sapori. Ogni caramella \u00e8 una delizia che unisce la freschezza naturale del succo di <strong>arancia<\/strong> alla vibrante intensit\u00e0 del <strong>limoncello<\/strong>, creando un contrasto unico e irresistibile.<\/p>\n<p><strong>Gusto Arancia<\/strong>: La dolcezza naturale dell&#8217;arancia, arricchita dal succo fresco di frutta, offre una piacevole sensazione di freschezza, con il gusto morbido e delicato che si scioglie in bocca.<\/p>\n<p><strong>Gusto Limoncello<\/strong>: Un tocco sofisticato di <strong>limoncello<\/strong>, perfettamente bilanciato con il succo di frutta, che regala un&#8217;esperienza vivace e avvolgente, ispirata ai sapori tipici della tradizione italiana.<\/p>\n<p>Scopri il delizioso incontro tra l\u2019arancia dolce e il limoncello aromatico con le nostre caramelle morbide, fatte in Italia. Ogni caramella \u00e8 arricchita con il 6% di succo di frutta, che esalta il gusto fresco e naturale degli agrumi. La consistenza morbida e vellutata rende ogni morso una dolce esperienza, mentre il sapore unico di arancia e limoncello ti trasporta nei paesaggi incantevoli della Costiera Amalfitana. Perfette come snack goloso, regalo o souvenir, queste caramelle sono un\u2019autentica espressione della tradizione italiana.<\/p>\n<p>La consistenza morbida e gelatinosa rende queste caramelle un&#8217;esperienza unica, ideale per chi cerca un momento di dolcezza rinfrescante e genuina. Perfette per un&#8217;inaspettata pausa golosa, come regalo o semplicemente per concedersi un piacere fruttato e aromatico.<\/p>\n<p>&nbsp;<\/p>\n<\/div>\n<\/div>\n<\/div>\n<\/div>\n<div class=\"pr-2 lg:pr-0\"><\/div>\n<div class=\"mt-3 w-full empty:hidden\">\n<div class=\"text-center\"><\/div>\n<\/div>\n<\/div>\n<div class=\"absolute\">\n<div class=\"flex items-center justify-center\"><\/div>\n<\/div>\n<\/div>\n<\/div>\n<\/div>\n<\/article>\n<\/div>\n<\/div>\n<\/div>\n<\/div>\n<\/div>\n<div class=\"md:pt-0 dark:border-white\/20 md:border-transparent md:dark:border-transparent w-full\">\n<div>\n<div class=\"m-auto text-base px-3 md:px-4 w-full md:px-5 lg:px-4 xl:px-5\">\n<div class=\"mx-auto flex flex-1 gap-4 text-base md:gap-5 lg:gap-6 md:max-w-3xl\">\n<div class=\"flex justify-center\"><\/div>\n<\/div>\n<\/div>\n<\/div>\n<\/div>\n<p>&nbsp;<\/p>\n","protected":false},"excerpt":{"rendered":"<p>Caramelle Morbide Gele\u00e8 al Gusto Arancia e Limoncello 200 g Le nostre caramelle morbide gele\u00e8 al gusto di arancia con succo di frutta e limoncello\u00a0sono un incontro perfetto tra il dolce e il rinfrescante, per una vera e propria esplosione di sapori. Ogni caramella \u00e8 una delizia che unisce la freschezza naturale del succo di [&hellip;]<\/p>\n","protected":false},"featured_media":5913,"template":"","meta":[],"product_brand":[76],"product_cat":[31],"product_tag":[49],"class_list":{"0":"post-5394","1":"product","2":"type-product","3":"status-publish","4":"has-post-thumbnail","6":"product_brand-amorevolezze","7":"product_cat-imbustati","8":"product_tag-gela200-i","10":"first","11":"instock","12":"taxable","13":"shipping-taxable","14":"purchasable","15":"product-type-simple"},"yoast_head":"<!-- This site is optimized with the Yoast SEO plugin v27.4 - https:\/\/yoast.com\/product\/yoast-seo-wordpress\/ -->\n<title>Gele\u00e8 Limoncello e Arancia - Sweetmemories<\/title>\n<meta name=\"description\" content=\"Caramelle Morbide Gele\u00e8 al Gusto Arancia e Limoncello. Le nostre caramelle morbide gele\u00e8 al gusto di arancia con succo di frutta e limoncello\u00a0sono un incontro perfetto tra il dolce e il rinfrescante, per una vera e propria esplosione di sapori. Ogni caramella \u00e8 una delizia che unisce la freschezza naturale del succo di arancia alla vibrante intensit\u00e0 del limoncello, creando un contrasto unico e irresistibile. Gusto Arancia: La dolcezza naturale dell&#039;arancia, arricchita dal succo fresco di frutta, offre una piacevole sensazione di freschezza, con il gusto morbido e delicato che si scioglie in bocca. Gusto Limoncello: Un tocco sofisticato di limoncello, perfettamente bilanciato con il succo di frutta, che regala un&#039;esperienza vivace e avvolgente, ispirata ai sapori tipici della tradizione italiana.\" \/>\n<meta name=\"robots\" content=\"index, follow, max-snippet:-1, max-image-preview:large, max-video-preview:-1\" \/>\n<link rel=\"canonical\" href=\"https:\/\/www.sweetmemories.it\/en\/product\/gelee-miste-limone-arancia\/\" \/>\n<meta property=\"og:locale\" content=\"en_US\" \/>\n<meta property=\"og:type\" content=\"article\" \/>\n<meta property=\"og:title\" content=\"Gele\u00e8 Limoncello e Arancia - Sweetmemories\" \/>\n<meta property=\"og:description\" content=\"Caramelle Morbide Gele\u00e8 al Gusto Arancia e Limoncello. Le nostre caramelle morbide gele\u00e8 al gusto di arancia con succo di frutta e limoncello\u00a0sono un incontro perfetto tra il dolce e il rinfrescante, per una vera e propria esplosione di sapori. Ogni caramella \u00e8 una delizia che unisce la freschezza naturale del succo di arancia alla vibrante intensit\u00e0 del limoncello, creando un contrasto unico e irresistibile. Gusto Arancia: La dolcezza naturale dell&#039;arancia, arricchita dal succo fresco di frutta, offre una piacevole sensazione di freschezza, con il gusto morbido e delicato che si scioglie in bocca. Gusto Limoncello: Un tocco sofisticato di limoncello, perfettamente bilanciato con il succo di frutta, che regala un&#039;esperienza vivace e avvolgente, ispirata ai sapori tipici della tradizione italiana.\" \/>\n<meta property=\"og:url\" content=\"https:\/\/www.sweetmemories.it\/en\/product\/gelee-miste-limone-arancia\/\" \/>\n<meta property=\"og:site_name\" content=\"Sweetmemories\" \/>\n<meta property=\"article:publisher\" content=\"https:\/\/www.facebook.com\/share\/161jpUKTsi\/\" \/>\n<meta property=\"article:modified_time\" content=\"2025-07-07T15:45:55+00:00\" \/>\n<meta property=\"og:image\" content=\"https:\/\/www.sweetmemories.it\/wp-content\/uploads\/2024\/06\/6-1-scaled.jpg\" \/>\n\t<meta property=\"og:image:width\" content=\"1707\" \/>\n\t<meta property=\"og:image:height\" content=\"2560\" \/>\n\t<meta property=\"og:image:type\" content=\"image\/jpeg\" \/>\n<meta name=\"twitter:card\" content=\"summary_large_image\" \/>\n<meta name=\"twitter:label1\" content=\"Est. reading time\" \/>\n\t<meta name=\"twitter:data1\" content=\"2 minutes\" \/>\n<script type=\"application\/ld+json\" class=\"yoast-schema-graph\">{\"@context\":\"https:\\\/\\\/schema.org\",\"@graph\":[{\"@type\":\"WebPage\",\"@id\":\"https:\\\/\\\/www.sweetmemories.it\\\/prodotto\\\/gelee-miste-limone-arancia\\\/\",\"url\":\"https:\\\/\\\/www.sweetmemories.it\\\/prodotto\\\/gelee-miste-limone-arancia\\\/\",\"name\":\"Gele\u00e8 Limoncello e Arancia - Sweetmemories\",\"isPartOf\":{\"@id\":\"https:\\\/\\\/www.sweetmemories.it\\\/#website\"},\"primaryImageOfPage\":{\"@id\":\"https:\\\/\\\/www.sweetmemories.it\\\/prodotto\\\/gelee-miste-limone-arancia\\\/#primaryimage\"},\"image\":{\"@id\":\"https:\\\/\\\/www.sweetmemories.it\\\/prodotto\\\/gelee-miste-limone-arancia\\\/#primaryimage\"},\"thumbnailUrl\":\"https:\\\/\\\/www.sweetmemories.it\\\/wp-content\\\/uploads\\\/2024\\\/06\\\/6-1-scaled-e1753521783972.jpg\",\"datePublished\":\"2024-06-18T22:36:13+00:00\",\"dateModified\":\"2025-07-07T15:45:55+00:00\",\"description\":\"Caramelle Morbide Gele\u00e8 al Gusto Arancia e Limoncello. Le nostre caramelle morbide gele\u00e8 al gusto di arancia con succo di frutta e limoncello\u00a0sono un incontro perfetto tra il dolce e il rinfrescante, per una vera e propria esplosione di sapori. Ogni caramella \u00e8 una delizia che unisce la freschezza naturale del succo di arancia alla vibrante intensit\u00e0 del limoncello, creando un contrasto unico e irresistibile. Gusto Arancia: La dolcezza naturale dell'arancia, arricchita dal succo fresco di frutta, offre una piacevole sensazione di freschezza, con il gusto morbido e delicato che si scioglie in bocca. Gusto Limoncello: Un tocco sofisticato di limoncello, perfettamente bilanciato con il succo di frutta, che regala un'esperienza vivace e avvolgente, ispirata ai sapori tipici della tradizione italiana.\",\"breadcrumb\":{\"@id\":\"https:\\\/\\\/www.sweetmemories.it\\\/prodotto\\\/gelee-miste-limone-arancia\\\/#breadcrumb\"},\"inLanguage\":\"en-US\",\"potentialAction\":[{\"@type\":\"ReadAction\",\"target\":[\"https:\\\/\\\/www.sweetmemories.it\\\/prodotto\\\/gelee-miste-limone-arancia\\\/\"]}]},{\"@type\":\"ImageObject\",\"inLanguage\":\"en-US\",\"@id\":\"https:\\\/\\\/www.sweetmemories.it\\\/prodotto\\\/gelee-miste-limone-arancia\\\/#primaryimage\",\"url\":\"https:\\\/\\\/www.sweetmemories.it\\\/wp-content\\\/uploads\\\/2024\\\/06\\\/6-1-scaled-e1753521783972.jpg\",\"contentUrl\":\"https:\\\/\\\/www.sweetmemories.it\\\/wp-content\\\/uploads\\\/2024\\\/06\\\/6-1-scaled-e1753521783972.jpg\",\"width\":1707,\"height\":2402},{\"@type\":\"BreadcrumbList\",\"@id\":\"https:\\\/\\\/www.sweetmemories.it\\\/prodotto\\\/gelee-miste-limone-arancia\\\/#breadcrumb\",\"itemListElement\":[{\"@type\":\"ListItem\",\"position\":1,\"name\":\"Home\",\"item\":\"https:\\\/\\\/www.sweetmemories.it\\\/\"},{\"@type\":\"ListItem\",\"position\":2,\"name\":\"Shop\",\"item\":\"https:\\\/\\\/www.sweetmemories.it\\\/negozio\\\/\"},{\"@type\":\"ListItem\",\"position\":3,\"name\":\"Gele\u00e8 Limoncello e Arancia\"}]},{\"@type\":\"WebSite\",\"@id\":\"https:\\\/\\\/www.sweetmemories.it\\\/#website\",\"url\":\"https:\\\/\\\/www.sweetmemories.it\\\/\",\"name\":\"Sweetmemories\",\"description\":\"Dolci Ricordi - Souvenir\",\"publisher\":{\"@id\":\"https:\\\/\\\/www.sweetmemories.it\\\/#organization\"},\"potentialAction\":[{\"@type\":\"SearchAction\",\"target\":{\"@type\":\"EntryPoint\",\"urlTemplate\":\"https:\\\/\\\/www.sweetmemories.it\\\/?s={search_term_string}\"},\"query-input\":{\"@type\":\"PropertyValueSpecification\",\"valueRequired\":true,\"valueName\":\"search_term_string\"}}],\"inLanguage\":\"en-US\"},{\"@type\":\"Organization\",\"@id\":\"https:\\\/\\\/www.sweetmemories.it\\\/#organization\",\"name\":\"Sweetmemories\",\"url\":\"https:\\\/\\\/www.sweetmemories.it\\\/\",\"logo\":{\"@type\":\"ImageObject\",\"inLanguage\":\"en-US\",\"@id\":\"https:\\\/\\\/www.sweetmemories.it\\\/#\\\/schema\\\/logo\\\/image\\\/\",\"url\":\"https:\\\/\\\/www.sweetmemories.it\\\/wp-content\\\/uploads\\\/2024\\\/06\\\/logo.png\",\"contentUrl\":\"https:\\\/\\\/www.sweetmemories.it\\\/wp-content\\\/uploads\\\/2024\\\/06\\\/logo.png\",\"width\":358,\"height\":196,\"caption\":\"Sweetmemories\"},\"image\":{\"@id\":\"https:\\\/\\\/www.sweetmemories.it\\\/#\\\/schema\\\/logo\\\/image\\\/\"},\"sameAs\":[\"https:\\\/\\\/www.facebook.com\\\/share\\\/161jpUKTsi\\\/\",\"https:\\\/\\\/www.instagram.com\\\/sweetmemories_it\\\/\"]}]}<\/script>\n<!-- \/ Yoast SEO plugin. -->","yoast_head_json":{"title":"Gele\u00e8 Limoncello e Arancia - Sweetmemories","description":"Caramelle Morbide Gele\u00e8 al Gusto Arancia e Limoncello. Le nostre caramelle morbide gele\u00e8 al gusto di arancia con succo di frutta e limoncello\u00a0sono un incontro perfetto tra il dolce e il rinfrescante, per una vera e propria esplosione di sapori. Ogni caramella \u00e8 una delizia che unisce la freschezza naturale del succo di arancia alla vibrante intensit\u00e0 del limoncello, creando un contrasto unico e irresistibile. Gusto Arancia: La dolcezza naturale dell'arancia, arricchita dal succo fresco di frutta, offre una piacevole sensazione di freschezza, con il gusto morbido e delicato che si scioglie in bocca. Gusto Limoncello: Un tocco sofisticato di limoncello, perfettamente bilanciato con il succo di frutta, che regala un'esperienza vivace e avvolgente, ispirata ai sapori tipici della tradizione italiana.","robots":{"index":"index","follow":"follow","max-snippet":"max-snippet:-1","max-image-preview":"max-image-preview:large","max-video-preview":"max-video-preview:-1"},"canonical":"https:\/\/www.sweetmemories.it\/en\/product\/gelee-miste-limone-arancia\/","og_locale":"en_US","og_type":"article","og_title":"Gele\u00e8 Limoncello e Arancia - Sweetmemories","og_description":"Caramelle Morbide Gele\u00e8 al Gusto Arancia e Limoncello. Le nostre caramelle morbide gele\u00e8 al gusto di arancia con succo di frutta e limoncello\u00a0sono un incontro perfetto tra il dolce e il rinfrescante, per una vera e propria esplosione di sapori. Ogni caramella \u00e8 una delizia che unisce la freschezza naturale del succo di arancia alla vibrante intensit\u00e0 del limoncello, creando un contrasto unico e irresistibile. Gusto Arancia: La dolcezza naturale dell'arancia, arricchita dal succo fresco di frutta, offre una piacevole sensazione di freschezza, con il gusto morbido e delicato che si scioglie in bocca. Gusto Limoncello: Un tocco sofisticato di limoncello, perfettamente bilanciato con il succo di frutta, che regala un'esperienza vivace e avvolgente, ispirata ai sapori tipici della tradizione italiana.","og_url":"https:\/\/www.sweetmemories.it\/en\/product\/gelee-miste-limone-arancia\/","og_site_name":"Sweetmemories","article_publisher":"https:\/\/www.facebook.com\/share\/161jpUKTsi\/","article_modified_time":"2025-07-07T15:45:55+00:00","og_image":[{"width":1707,"height":2560,"url":"https:\/\/www.sweetmemories.it\/wp-content\/uploads\/2024\/06\/6-1-scaled.jpg","type":"image\/jpeg"}],"twitter_card":"summary_large_image","twitter_misc":{"Est. reading time":"2 minutes"},"schema":{"@context":"https:\/\/schema.org","@graph":[{"@type":"WebPage","@id":"https:\/\/www.sweetmemories.it\/prodotto\/gelee-miste-limone-arancia\/","url":"https:\/\/www.sweetmemories.it\/prodotto\/gelee-miste-limone-arancia\/","name":"Gele\u00e8 Limoncello e Arancia - Sweetmemories","isPartOf":{"@id":"https:\/\/www.sweetmemories.it\/#website"},"primaryImageOfPage":{"@id":"https:\/\/www.sweetmemories.it\/prodotto\/gelee-miste-limone-arancia\/#primaryimage"},"image":{"@id":"https:\/\/www.sweetmemories.it\/prodotto\/gelee-miste-limone-arancia\/#primaryimage"},"thumbnailUrl":"https:\/\/www.sweetmemories.it\/wp-content\/uploads\/2024\/06\/6-1-scaled-e1753521783972.jpg","datePublished":"2024-06-18T22:36:13+00:00","dateModified":"2025-07-07T15:45:55+00:00","description":"Caramelle Morbide Gele\u00e8 al Gusto Arancia e Limoncello. Le nostre caramelle morbide gele\u00e8 al gusto di arancia con succo di frutta e limoncello\u00a0sono un incontro perfetto tra il dolce e il rinfrescante, per una vera e propria esplosione di sapori. Ogni caramella \u00e8 una delizia che unisce la freschezza naturale del succo di arancia alla vibrante intensit\u00e0 del limoncello, creando un contrasto unico e irresistibile. Gusto Arancia: La dolcezza naturale dell'arancia, arricchita dal succo fresco di frutta, offre una piacevole sensazione di freschezza, con il gusto morbido e delicato che si scioglie in bocca. Gusto Limoncello: Un tocco sofisticato di limoncello, perfettamente bilanciato con il succo di frutta, che regala un'esperienza vivace e avvolgente, ispirata ai sapori tipici della tradizione italiana.","breadcrumb":{"@id":"https:\/\/www.sweetmemories.it\/prodotto\/gelee-miste-limone-arancia\/#breadcrumb"},"inLanguage":"en-US","potentialAction":[{"@type":"ReadAction","target":["https:\/\/www.sweetmemories.it\/prodotto\/gelee-miste-limone-arancia\/"]}]},{"@type":"ImageObject","inLanguage":"en-US","@id":"https:\/\/www.sweetmemories.it\/prodotto\/gelee-miste-limone-arancia\/#primaryimage","url":"https:\/\/www.sweetmemories.it\/wp-content\/uploads\/2024\/06\/6-1-scaled-e1753521783972.jpg","contentUrl":"https:\/\/www.sweetmemories.it\/wp-content\/uploads\/2024\/06\/6-1-scaled-e1753521783972.jpg","width":1707,"height":2402},{"@type":"BreadcrumbList","@id":"https:\/\/www.sweetmemories.it\/prodotto\/gelee-miste-limone-arancia\/#breadcrumb","itemListElement":[{"@type":"ListItem","position":1,"name":"Home","item":"https:\/\/www.sweetmemories.it\/"},{"@type":"ListItem","position":2,"name":"Shop","item":"https:\/\/www.sweetmemories.it\/negozio\/"},{"@type":"ListItem","position":3,"name":"Gele\u00e8 Limoncello e Arancia"}]},{"@type":"WebSite","@id":"https:\/\/www.sweetmemories.it\/#website","url":"https:\/\/www.sweetmemories.it\/","name":"Sweetmemories","description":"Dolci Ricordi - Souvenir","publisher":{"@id":"https:\/\/www.sweetmemories.it\/#organization"},"potentialAction":[{"@type":"SearchAction","target":{"@type":"EntryPoint","urlTemplate":"https:\/\/www.sweetmemories.it\/?s={search_term_string}"},"query-input":{"@type":"PropertyValueSpecification","valueRequired":true,"valueName":"search_term_string"}}],"inLanguage":"en-US"},{"@type":"Organization","@id":"https:\/\/www.sweetmemories.it\/#organization","name":"Sweetmemories","url":"https:\/\/www.sweetmemories.it\/","logo":{"@type":"ImageObject","inLanguage":"en-US","@id":"https:\/\/www.sweetmemories.it\/#\/schema\/logo\/image\/","url":"https:\/\/www.sweetmemories.it\/wp-content\/uploads\/2024\/06\/logo.png","contentUrl":"https:\/\/www.sweetmemories.it\/wp-content\/uploads\/2024\/06\/logo.png","width":358,"height":196,"caption":"Sweetmemories"},"image":{"@id":"https:\/\/www.sweetmemories.it\/#\/schema\/logo\/image\/"},"sameAs":["https:\/\/www.facebook.com\/share\/161jpUKTsi\/","https:\/\/www.instagram.com\/sweetmemories_it\/"]}]}},"_links":{"self":[{"href":"https:\/\/www.sweetmemories.it\/en\/wp-json\/wp\/v2\/product\/5394","targetHints":{"allow":["GET"]}}],"collection":[{"href":"https:\/\/www.sweetmemories.it\/en\/wp-json\/wp\/v2\/product"}],"about":[{"href":"https:\/\/www.sweetmemories.it\/en\/wp-json\/wp\/v2\/types\/product"}],"wp:featuredmedia":[{"embeddable":true,"href":"https:\/\/www.sweetmemories.it\/en\/wp-json\/wp\/v2\/media\/5913"}],"wp:attachment":[{"href":"https:\/\/www.sweetmemories.it\/en\/wp-json\/wp\/v2\/media?parent=5394"}],"wp:term":[{"taxonomy":"product_brand","embeddable":true,"href":"https:\/\/www.sweetmemories.it\/en\/wp-json\/wp\/v2\/product_brand?post=5394"},{"taxonomy":"product_cat","embeddable":true,"href":"https:\/\/www.sweetmemories.it\/en\/wp-json\/wp\/v2\/product_cat?post=5394"},{"taxonomy":"product_tag","embeddable":true,"href":"https:\/\/www.sweetmemories.it\/en\/wp-json\/wp\/v2\/product_tag?post=5394"}],"curies":[{"name":"wp","href":"https:\/\/api.w.org\/{rel}","templated":true}]}}