{"id":5380,"date":"2024-06-18T17:34:51","date_gmt":"2024-06-18T15:34:51","guid":{"rendered":"https:\/\/www.sweetmemories.it\/?post_type=product&#038;p=5380"},"modified":"2025-12-26T10:31:54","modified_gmt":"2025-12-26T09:31:54","slug":"dragee-limoncello","status":"publish","type":"product","link":"https:\/\/www.sweetmemories.it\/en\/product\/dragee-limoncello\/","title":{"rendered":"Drag\u00e8e Limoncello"},"content":{"rendered":"<p><strong>Drage\u00e8 al Limoncello 150\u00a0<\/strong>g<\/p>\n<p>Un incontro perfetto di <strong>gusto e raffinatezza<\/strong>: i nostri <strong>drage\u00e8 ripieni di limoncello<\/strong> sono una vera delizia per i palati pi\u00f9 sofisticati.<\/p>\n<p>Ogni drage\u00e8 \u00e8 realizzato con un <strong>croccante guscio di cioccolato<\/strong>, che avvolge un <strong>cuore liquido al limoncello<\/strong>, un liquore tipico della tradizione italiana, famoso per il suo sapore intenso e aromatico.<\/p>\n<p>Il <strong>cioccolato<\/strong> pregiato che forma il guscio esterno dona una piacevole croccantezza, mentre il <strong>cuore morbido<\/strong> e <strong>liquido<\/strong>\u00a0di limoncello esplode in bocca, regalando una sensazione di freschezza agrumata e una nota alcolica che si mescola perfettamente con la dolcezza del cioccolato. Ogni morso \u00e8 una combinazione perfetta di <strong>cioccolato e limoncello<\/strong>, che ti trasporta immediatamente in un viaggio sensoriale attraverso i sapori e i profumi dell&#8217;<strong>Italia meridionale<\/strong>.<\/p>\n<p>Perfetti per concludere un pasto speciale, come regalo elegante o per un momento di dolcezza e raffinatezza, i nostri <strong>drage\u00e8 ripieni di limoncello<\/strong> sono il dolce ideale per chi cerca un&#8217;esperienza gustativa unica, che unisce la tradizione del limoncello a un&#8217;interpretazione sofisticata e golosa.<\/p>\n<p><strong>Caratteristiche principali:<\/strong><\/p>\n<ul>\n<li><strong>Croccante guscio di cioccolato<\/strong> che racchiude un cuore liquido di <strong>limoncello.<\/strong><\/li>\n<li>Perfetti per <strong>regali esclusivi<\/strong>, <strong>dessert raffinatissimi<\/strong> o come <strong>souvenir<\/strong> gourmet.<\/li>\n<li>Un\u2019esplosione di <strong>gusto agrumato<\/strong> e <strong>cioccolato<\/strong> in ogni morso.<\/li>\n<\/ul>\n<p>Concediti un piacere senza pari con i nostri <strong>drage\u00e8 ripieni di limoncello<\/strong>, una combinazione perfetta di <strong>cioccolato e limoncello<\/strong>, che ti sorprender\u00e0 e conquister\u00e0 ad ogni assaggio.<\/p>","protected":false},"excerpt":{"rendered":"<p>Drage\u00e8 al Limoncello 150\u00a0g Un incontro perfetto di gusto e raffinatezza: i nostri drage\u00e8 ripieni di limoncello sono una vera delizia per i palati pi\u00f9 sofisticati. Ogni drage\u00e8 \u00e8 realizzato con un croccante guscio di cioccolato, che avvolge un cuore liquido al limoncello, un liquore tipico della tradizione italiana, famoso per il suo sapore intenso [&hellip;]<\/p>\n","protected":false},"featured_media":5916,"template":"","meta":[],"product_brand":[76],"product_cat":[31],"product_tag":[55],"class_list":{"0":"post-5380","1":"product","2":"type-product","3":"status-publish","4":"has-post-thumbnail","6":"product_brand-amorevolezze","7":"product_cat-imbustati","8":"product_tag-drag-i","10":"first","11":"instock","12":"taxable","13":"shipping-taxable","14":"purchasable","15":"product-type-simple"},"yoast_head":"<!-- This site is optimized with the Yoast SEO plugin v27.4 - https:\/\/yoast.com\/product\/yoast-seo-wordpress\/ -->\n<title>Drag\u00e8e Limoncello - Sweetmemories<\/title>\n<meta name=\"description\" content=\"Scopri i drage\u00e8 al limoncello: un incontro perfetto di cioccolato croccante e cuore liquido al limoncello. Un&#039;esplosione di gusto agrumato e cioccolato, ideale per regali esclusivi e momenti di dolcezza.\" \/>\n<meta name=\"robots\" content=\"index, follow, max-snippet:-1, max-image-preview:large, max-video-preview:-1\" \/>\n<link rel=\"canonical\" href=\"https:\/\/www.sweetmemories.it\/en\/product\/dragee-limoncello\/\" \/>\n<meta property=\"og:locale\" content=\"en_US\" \/>\n<meta property=\"og:type\" content=\"article\" \/>\n<meta property=\"og:title\" content=\"Drag\u00e8e Limoncello - Sweetmemories\" \/>\n<meta property=\"og:description\" content=\"Scopri i drage\u00e8 al limoncello: un incontro perfetto di cioccolato croccante e cuore liquido al limoncello. Un&#039;esplosione di gusto agrumato e cioccolato, ideale per regali esclusivi e momenti di dolcezza.\" \/>\n<meta property=\"og:url\" content=\"https:\/\/www.sweetmemories.it\/en\/product\/dragee-limoncello\/\" \/>\n<meta property=\"og:site_name\" content=\"Sweetmemories\" \/>\n<meta property=\"article:publisher\" content=\"https:\/\/www.facebook.com\/share\/161jpUKTsi\/\" \/>\n<meta property=\"article:modified_time\" content=\"2025-12-26T09:31:54+00:00\" \/>\n<meta property=\"og:image\" content=\"https:\/\/www.sweetmemories.it\/wp-content\/uploads\/2024\/06\/9-1-scaled-e1753521587501.jpg\" \/>\n\t<meta property=\"og:image:width\" content=\"1463\" \/>\n\t<meta property=\"og:image:height\" content=\"2116\" \/>\n\t<meta property=\"og:image:type\" content=\"image\/jpeg\" \/>\n<meta name=\"twitter:card\" content=\"summary_large_image\" \/>\n<meta name=\"twitter:label1\" content=\"Est. reading time\" \/>\n\t<meta name=\"twitter:data1\" content=\"2 minutes\" \/>\n<script type=\"application\/ld+json\" class=\"yoast-schema-graph\">{\"@context\":\"https:\\\/\\\/schema.org\",\"@graph\":[{\"@type\":\"WebPage\",\"@id\":\"https:\\\/\\\/www.sweetmemories.it\\\/prodotto\\\/dragee-limoncello\\\/\",\"url\":\"https:\\\/\\\/www.sweetmemories.it\\\/prodotto\\\/dragee-limoncello\\\/\",\"name\":\"Drag\u00e8e Limoncello - Sweetmemories\",\"isPartOf\":{\"@id\":\"https:\\\/\\\/www.sweetmemories.it\\\/#website\"},\"primaryImageOfPage\":{\"@id\":\"https:\\\/\\\/www.sweetmemories.it\\\/prodotto\\\/dragee-limoncello\\\/#primaryimage\"},\"image\":{\"@id\":\"https:\\\/\\\/www.sweetmemories.it\\\/prodotto\\\/dragee-limoncello\\\/#primaryimage\"},\"thumbnailUrl\":\"https:\\\/\\\/www.sweetmemories.it\\\/wp-content\\\/uploads\\\/2024\\\/06\\\/9-1-scaled-e1753521587501.jpg\",\"datePublished\":\"2024-06-18T15:34:51+00:00\",\"dateModified\":\"2025-12-26T09:31:54+00:00\",\"description\":\"Scopri i drage\u00e8 al limoncello: un incontro perfetto di cioccolato croccante e cuore liquido al limoncello. Un'esplosione di gusto agrumato e cioccolato, ideale per regali esclusivi e momenti di dolcezza.\",\"breadcrumb\":{\"@id\":\"https:\\\/\\\/www.sweetmemories.it\\\/prodotto\\\/dragee-limoncello\\\/#breadcrumb\"},\"inLanguage\":\"en-US\",\"potentialAction\":[{\"@type\":\"ReadAction\",\"target\":[\"https:\\\/\\\/www.sweetmemories.it\\\/prodotto\\\/dragee-limoncello\\\/\"]}]},{\"@type\":\"ImageObject\",\"inLanguage\":\"en-US\",\"@id\":\"https:\\\/\\\/www.sweetmemories.it\\\/prodotto\\\/dragee-limoncello\\\/#primaryimage\",\"url\":\"https:\\\/\\\/www.sweetmemories.it\\\/wp-content\\\/uploads\\\/2024\\\/06\\\/9-1-scaled-e1753521587501.jpg\",\"contentUrl\":\"https:\\\/\\\/www.sweetmemories.it\\\/wp-content\\\/uploads\\\/2024\\\/06\\\/9-1-scaled-e1753521587501.jpg\",\"width\":1463,\"height\":2116},{\"@type\":\"BreadcrumbList\",\"@id\":\"https:\\\/\\\/www.sweetmemories.it\\\/prodotto\\\/dragee-limoncello\\\/#breadcrumb\",\"itemListElement\":[{\"@type\":\"ListItem\",\"position\":1,\"name\":\"Home\",\"item\":\"https:\\\/\\\/www.sweetmemories.it\\\/\"},{\"@type\":\"ListItem\",\"position\":2,\"name\":\"Shop\",\"item\":\"https:\\\/\\\/www.sweetmemories.it\\\/negozio\\\/\"},{\"@type\":\"ListItem\",\"position\":3,\"name\":\"Drag\u00e8e Limoncello\"}]},{\"@type\":\"WebSite\",\"@id\":\"https:\\\/\\\/www.sweetmemories.it\\\/#website\",\"url\":\"https:\\\/\\\/www.sweetmemories.it\\\/\",\"name\":\"Sweetmemories\",\"description\":\"Dolci Ricordi - Souvenir\",\"publisher\":{\"@id\":\"https:\\\/\\\/www.sweetmemories.it\\\/#organization\"},\"potentialAction\":[{\"@type\":\"SearchAction\",\"target\":{\"@type\":\"EntryPoint\",\"urlTemplate\":\"https:\\\/\\\/www.sweetmemories.it\\\/?s={search_term_string}\"},\"query-input\":{\"@type\":\"PropertyValueSpecification\",\"valueRequired\":true,\"valueName\":\"search_term_string\"}}],\"inLanguage\":\"en-US\"},{\"@type\":\"Organization\",\"@id\":\"https:\\\/\\\/www.sweetmemories.it\\\/#organization\",\"name\":\"Sweetmemories\",\"url\":\"https:\\\/\\\/www.sweetmemories.it\\\/\",\"logo\":{\"@type\":\"ImageObject\",\"inLanguage\":\"en-US\",\"@id\":\"https:\\\/\\\/www.sweetmemories.it\\\/#\\\/schema\\\/logo\\\/image\\\/\",\"url\":\"https:\\\/\\\/www.sweetmemories.it\\\/wp-content\\\/uploads\\\/2024\\\/06\\\/logo.png\",\"contentUrl\":\"https:\\\/\\\/www.sweetmemories.it\\\/wp-content\\\/uploads\\\/2024\\\/06\\\/logo.png\",\"width\":358,\"height\":196,\"caption\":\"Sweetmemories\"},\"image\":{\"@id\":\"https:\\\/\\\/www.sweetmemories.it\\\/#\\\/schema\\\/logo\\\/image\\\/\"},\"sameAs\":[\"https:\\\/\\\/www.facebook.com\\\/share\\\/161jpUKTsi\\\/\",\"https:\\\/\\\/www.instagram.com\\\/sweetmemories_it\\\/\"]}]}<\/script>\n<!-- \/ Yoast SEO plugin. -->","yoast_head_json":{"title":"Drag\u00e8e Limoncello - Sweetmemories","description":"Scopri i drage\u00e8 al limoncello: un incontro perfetto di cioccolato croccante e cuore liquido al limoncello. Un'esplosione di gusto agrumato e cioccolato, ideale per regali esclusivi e momenti di dolcezza.","robots":{"index":"index","follow":"follow","max-snippet":"max-snippet:-1","max-image-preview":"max-image-preview:large","max-video-preview":"max-video-preview:-1"},"canonical":"https:\/\/www.sweetmemories.it\/en\/product\/dragee-limoncello\/","og_locale":"en_US","og_type":"article","og_title":"Drag\u00e8e Limoncello - Sweetmemories","og_description":"Scopri i drage\u00e8 al limoncello: un incontro perfetto di cioccolato croccante e cuore liquido al limoncello. Un'esplosione di gusto agrumato e cioccolato, ideale per regali esclusivi e momenti di dolcezza.","og_url":"https:\/\/www.sweetmemories.it\/en\/product\/dragee-limoncello\/","og_site_name":"Sweetmemories","article_publisher":"https:\/\/www.facebook.com\/share\/161jpUKTsi\/","article_modified_time":"2025-12-26T09:31:54+00:00","og_image":[{"width":1463,"height":2116,"url":"https:\/\/www.sweetmemories.it\/wp-content\/uploads\/2024\/06\/9-1-scaled-e1753521587501.jpg","type":"image\/jpeg"}],"twitter_card":"summary_large_image","twitter_misc":{"Est. reading time":"2 minutes"},"schema":{"@context":"https:\/\/schema.org","@graph":[{"@type":"WebPage","@id":"https:\/\/www.sweetmemories.it\/prodotto\/dragee-limoncello\/","url":"https:\/\/www.sweetmemories.it\/prodotto\/dragee-limoncello\/","name":"Drag\u00e8e Limoncello - Sweetmemories","isPartOf":{"@id":"https:\/\/www.sweetmemories.it\/#website"},"primaryImageOfPage":{"@id":"https:\/\/www.sweetmemories.it\/prodotto\/dragee-limoncello\/#primaryimage"},"image":{"@id":"https:\/\/www.sweetmemories.it\/prodotto\/dragee-limoncello\/#primaryimage"},"thumbnailUrl":"https:\/\/www.sweetmemories.it\/wp-content\/uploads\/2024\/06\/9-1-scaled-e1753521587501.jpg","datePublished":"2024-06-18T15:34:51+00:00","dateModified":"2025-12-26T09:31:54+00:00","description":"Scopri i drage\u00e8 al limoncello: un incontro perfetto di cioccolato croccante e cuore liquido al limoncello. Un'esplosione di gusto agrumato e cioccolato, ideale per regali esclusivi e momenti di dolcezza.","breadcrumb":{"@id":"https:\/\/www.sweetmemories.it\/prodotto\/dragee-limoncello\/#breadcrumb"},"inLanguage":"en-US","potentialAction":[{"@type":"ReadAction","target":["https:\/\/www.sweetmemories.it\/prodotto\/dragee-limoncello\/"]}]},{"@type":"ImageObject","inLanguage":"en-US","@id":"https:\/\/www.sweetmemories.it\/prodotto\/dragee-limoncello\/#primaryimage","url":"https:\/\/www.sweetmemories.it\/wp-content\/uploads\/2024\/06\/9-1-scaled-e1753521587501.jpg","contentUrl":"https:\/\/www.sweetmemories.it\/wp-content\/uploads\/2024\/06\/9-1-scaled-e1753521587501.jpg","width":1463,"height":2116},{"@type":"BreadcrumbList","@id":"https:\/\/www.sweetmemories.it\/prodotto\/dragee-limoncello\/#breadcrumb","itemListElement":[{"@type":"ListItem","position":1,"name":"Home","item":"https:\/\/www.sweetmemories.it\/"},{"@type":"ListItem","position":2,"name":"Shop","item":"https:\/\/www.sweetmemories.it\/negozio\/"},{"@type":"ListItem","position":3,"name":"Drag\u00e8e Limoncello"}]},{"@type":"WebSite","@id":"https:\/\/www.sweetmemories.it\/#website","url":"https:\/\/www.sweetmemories.it\/","name":"Sweetmemories","description":"Dolci Ricordi - Souvenir","publisher":{"@id":"https:\/\/www.sweetmemories.it\/#organization"},"potentialAction":[{"@type":"SearchAction","target":{"@type":"EntryPoint","urlTemplate":"https:\/\/www.sweetmemories.it\/?s={search_term_string}"},"query-input":{"@type":"PropertyValueSpecification","valueRequired":true,"valueName":"search_term_string"}}],"inLanguage":"en-US"},{"@type":"Organization","@id":"https:\/\/www.sweetmemories.it\/#organization","name":"Sweetmemories","url":"https:\/\/www.sweetmemories.it\/","logo":{"@type":"ImageObject","inLanguage":"en-US","@id":"https:\/\/www.sweetmemories.it\/#\/schema\/logo\/image\/","url":"https:\/\/www.sweetmemories.it\/wp-content\/uploads\/2024\/06\/logo.png","contentUrl":"https:\/\/www.sweetmemories.it\/wp-content\/uploads\/2024\/06\/logo.png","width":358,"height":196,"caption":"Sweetmemories"},"image":{"@id":"https:\/\/www.sweetmemories.it\/#\/schema\/logo\/image\/"},"sameAs":["https:\/\/www.facebook.com\/share\/161jpUKTsi\/","https:\/\/www.instagram.com\/sweetmemories_it\/"]}]}},"_links":{"self":[{"href":"https:\/\/www.sweetmemories.it\/en\/wp-json\/wp\/v2\/product\/5380","targetHints":{"allow":["GET"]}}],"collection":[{"href":"https:\/\/www.sweetmemories.it\/en\/wp-json\/wp\/v2\/product"}],"about":[{"href":"https:\/\/www.sweetmemories.it\/en\/wp-json\/wp\/v2\/types\/product"}],"wp:featuredmedia":[{"embeddable":true,"href":"https:\/\/www.sweetmemories.it\/en\/wp-json\/wp\/v2\/media\/5916"}],"wp:attachment":[{"href":"https:\/\/www.sweetmemories.it\/en\/wp-json\/wp\/v2\/media?parent=5380"}],"wp:term":[{"taxonomy":"product_brand","embeddable":true,"href":"https:\/\/www.sweetmemories.it\/en\/wp-json\/wp\/v2\/product_brand?post=5380"},{"taxonomy":"product_cat","embeddable":true,"href":"https:\/\/www.sweetmemories.it\/en\/wp-json\/wp\/v2\/product_cat?post=5380"},{"taxonomy":"product_tag","embeddable":true,"href":"https:\/\/www.sweetmemories.it\/en\/wp-json\/wp\/v2\/product_tag?post=5380"}],"curies":[{"name":"wp","href":"https:\/\/api.w.org\/{rel}","templated":true}]}}