{"id":5369,"date":"2024-06-19T00:45:29","date_gmt":"2024-06-18T22:45:29","guid":{"rendered":"https:\/\/www.sweetmemories.it\/?post_type=product&#038;p=5369"},"modified":"2025-05-16T17:15:51","modified_gmt":"2025-05-16T15:15:51","slug":"ciu-ciu-limoncello","status":"publish","type":"product","link":"https:\/\/www.sweetmemories.it\/en\/product\/ciu-ciu-limoncello\/","title":{"rendered":"Ci\u00f9 Ci\u00f9 Limoncello"},"content":{"rendered":"<p><strong>Caramelle Morbide al Gusto di Limoncello 150<\/strong> g<br \/>\nUn&#8217;esplosione di freschezza e dolcezza in ogni morso, queste caramelle morbide al gusto di limoncello ti trasporteranno subito nella splendida costiera amalfitana. Realizzate con un perfetto equilibrio tra il sapore zuccherato e il caratteristico retrogusto aromatico del limoncello, sono una delizia che unisce la tradizione della liquoristica italiana con il piacere di un dolce irresistibile.<\/p>\n<p>La consistenza morbida e vellutata rende ogni caramella un piccolo momento di piacere, ideale per ogni occasione: una pausa dolce, un regalo speciale, o un viaggio sensoriale nel cuore del Mediterraneo.<\/p>\n<p>Aggiungi un tocco di dolcezza e freschezza al tuo giorno con le caramelle morbide Ci\u00f9 Ci\u00f9 al limoncello! Queste deliziose caramelle uniscono la morbidezza che si scioglie in bocca con il gusto intenso e rinfrescante del limoncello, un classico della tradizione italiana. Perfette per ogni amante dei sapori autentici, queste caramelle sono ideali come break goloso, regalo elegante o souvenir che porta con s\u00e9 il gusto della Costiera Amalfitana. Confezionate in pratiche bustine, sono facili da portare sempre con te per un momento di dolcezza in qualsiasi occasione.<\/p>\n<p>Scopri la tradizione italiana in ogni morso con le caramelle morbide Ci\u00f9 Ci\u00f9 al limoncello!<\/p>\n<p><strong>Caratteristiche principali<\/strong>:<\/p>\n<ul>\n<li>Gusto autentico di limoncello, perfetto per gli amanti dei sapori freschi e agrumati.<\/li>\n<li>Consistenza morbida e vellutata, che si scioglie delicatamente in bocca.<\/li>\n<li>Ingredienti di alta qualit\u00e0, per una caramella genuina e saporita.<\/li>\n<li>Confezionate in pratiche bustine, perfette per essere gustate ovunque.<\/li>\n<li>Le caramelle della tua vacanza a Sorrento.<\/li>\n<\/ul>\n<p>Un dolce incontro tra tradizione e innovazione, perfetto per chi cerca un\u2019esperienza gustativa unica e raffinata.<\/p>\n<p>Hai bisogno di altro sapore di Limoncello? Non perderti le caramelle <a href=\"https:\/\/www.sweetmemories.it\/en\/product\/gocce-limoncello-conf-busta\/\"><em><strong>Gocce di Limoncello!<\/strong><\/em><\/a><\/p>","protected":false},"excerpt":{"rendered":"<p>Caramella Morbida al gusto di Limoncello<\/p>","protected":false},"featured_media":5908,"template":"","meta":[],"product_brand":[76],"product_cat":[31],"product_tag":[38],"class_list":{"0":"post-5369","1":"product","2":"type-product","3":"status-publish","4":"has-post-thumbnail","6":"product_brand-amorevolezze","7":"product_cat-imbustati","8":"product_tag-ciu-i","10":"first","11":"instock","12":"taxable","13":"shipping-taxable","14":"purchasable","15":"product-type-simple"},"yoast_head":"<!-- This site is optimized with the Yoast SEO plugin v27.4 - https:\/\/yoast.com\/product\/yoast-seo-wordpress\/ -->\n<title>Ci\u00f9 Ci\u00f9 Limoncello - Sweetmemories<\/title>\n<meta name=\"description\" content=\"Scopri Ci\u00f9 Ci\u00f9 al gusto di limoncello. Morbidezza, freschezza e dolcezza che ti trasporter\u00e0 nella Costiera Amalfitana. Ideali come regalo, souvenir o per una dolce pausa in qualsiasi momento della giornata.\" \/>\n<meta name=\"robots\" content=\"index, follow, max-snippet:-1, max-image-preview:large, max-video-preview:-1\" \/>\n<link rel=\"canonical\" href=\"https:\/\/www.sweetmemories.it\/en\/product\/ciu-ciu-limoncello\/\" \/>\n<meta property=\"og:locale\" content=\"en_US\" \/>\n<meta property=\"og:type\" content=\"article\" \/>\n<meta property=\"og:title\" content=\"Ci\u00f9 Ci\u00f9 Limoncello - Sweetmemories\" \/>\n<meta property=\"og:description\" content=\"Scopri Ci\u00f9 Ci\u00f9 al gusto di limoncello. Morbidezza, freschezza e dolcezza che ti trasporter\u00e0 nella Costiera Amalfitana. Ideali come regalo, souvenir o per una dolce pausa in qualsiasi momento della giornata.\" \/>\n<meta property=\"og:url\" content=\"https:\/\/www.sweetmemories.it\/en\/product\/ciu-ciu-limoncello\/\" \/>\n<meta property=\"og:site_name\" content=\"Sweetmemories\" \/>\n<meta property=\"article:publisher\" content=\"https:\/\/www.facebook.com\/share\/161jpUKTsi\/\" \/>\n<meta property=\"article:modified_time\" content=\"2025-05-16T15:15:51+00:00\" \/>\n<meta property=\"og:image\" content=\"https:\/\/www.sweetmemories.it\/wp-content\/uploads\/2024\/06\/1-1-scaled.jpg\" \/>\n\t<meta property=\"og:image:width\" content=\"1707\" \/>\n\t<meta property=\"og:image:height\" content=\"2560\" \/>\n\t<meta property=\"og:image:type\" content=\"image\/jpeg\" \/>\n<meta name=\"twitter:card\" content=\"summary_large_image\" \/>\n<meta name=\"twitter:label1\" content=\"Est. reading time\" \/>\n\t<meta name=\"twitter:data1\" content=\"2 minutes\" \/>\n<script type=\"application\/ld+json\" class=\"yoast-schema-graph\">{\"@context\":\"https:\\\/\\\/schema.org\",\"@graph\":[{\"@type\":\"WebPage\",\"@id\":\"https:\\\/\\\/www.sweetmemories.it\\\/prodotto\\\/ciu-ciu-limoncello\\\/\",\"url\":\"https:\\\/\\\/www.sweetmemories.it\\\/prodotto\\\/ciu-ciu-limoncello\\\/\",\"name\":\"Ci\u00f9 Ci\u00f9 Limoncello - Sweetmemories\",\"isPartOf\":{\"@id\":\"https:\\\/\\\/www.sweetmemories.it\\\/#website\"},\"primaryImageOfPage\":{\"@id\":\"https:\\\/\\\/www.sweetmemories.it\\\/prodotto\\\/ciu-ciu-limoncello\\\/#primaryimage\"},\"image\":{\"@id\":\"https:\\\/\\\/www.sweetmemories.it\\\/prodotto\\\/ciu-ciu-limoncello\\\/#primaryimage\"},\"thumbnailUrl\":\"https:\\\/\\\/www.sweetmemories.it\\\/wp-content\\\/uploads\\\/2024\\\/06\\\/1-1-scaled.jpg\",\"datePublished\":\"2024-06-18T22:45:29+00:00\",\"dateModified\":\"2025-05-16T15:15:51+00:00\",\"description\":\"Scopri Ci\u00f9 Ci\u00f9 al gusto di limoncello. Morbidezza, freschezza e dolcezza che ti trasporter\u00e0 nella Costiera Amalfitana. Ideali come regalo, souvenir o per una dolce pausa in qualsiasi momento della giornata.\",\"breadcrumb\":{\"@id\":\"https:\\\/\\\/www.sweetmemories.it\\\/prodotto\\\/ciu-ciu-limoncello\\\/#breadcrumb\"},\"inLanguage\":\"en-US\",\"potentialAction\":[{\"@type\":\"ReadAction\",\"target\":[\"https:\\\/\\\/www.sweetmemories.it\\\/prodotto\\\/ciu-ciu-limoncello\\\/\"]}]},{\"@type\":\"ImageObject\",\"inLanguage\":\"en-US\",\"@id\":\"https:\\\/\\\/www.sweetmemories.it\\\/prodotto\\\/ciu-ciu-limoncello\\\/#primaryimage\",\"url\":\"https:\\\/\\\/www.sweetmemories.it\\\/wp-content\\\/uploads\\\/2024\\\/06\\\/1-1-scaled.jpg\",\"contentUrl\":\"https:\\\/\\\/www.sweetmemories.it\\\/wp-content\\\/uploads\\\/2024\\\/06\\\/1-1-scaled.jpg\",\"width\":1707,\"height\":2560},{\"@type\":\"BreadcrumbList\",\"@id\":\"https:\\\/\\\/www.sweetmemories.it\\\/prodotto\\\/ciu-ciu-limoncello\\\/#breadcrumb\",\"itemListElement\":[{\"@type\":\"ListItem\",\"position\":1,\"name\":\"Home\",\"item\":\"https:\\\/\\\/www.sweetmemories.it\\\/\"},{\"@type\":\"ListItem\",\"position\":2,\"name\":\"Shop\",\"item\":\"https:\\\/\\\/www.sweetmemories.it\\\/negozio\\\/\"},{\"@type\":\"ListItem\",\"position\":3,\"name\":\"Ci\u00f9 Ci\u00f9 Limoncello\"}]},{\"@type\":\"WebSite\",\"@id\":\"https:\\\/\\\/www.sweetmemories.it\\\/#website\",\"url\":\"https:\\\/\\\/www.sweetmemories.it\\\/\",\"name\":\"Sweetmemories\",\"description\":\"Dolci Ricordi - Souvenir\",\"publisher\":{\"@id\":\"https:\\\/\\\/www.sweetmemories.it\\\/#organization\"},\"potentialAction\":[{\"@type\":\"SearchAction\",\"target\":{\"@type\":\"EntryPoint\",\"urlTemplate\":\"https:\\\/\\\/www.sweetmemories.it\\\/?s={search_term_string}\"},\"query-input\":{\"@type\":\"PropertyValueSpecification\",\"valueRequired\":true,\"valueName\":\"search_term_string\"}}],\"inLanguage\":\"en-US\"},{\"@type\":\"Organization\",\"@id\":\"https:\\\/\\\/www.sweetmemories.it\\\/#organization\",\"name\":\"Sweetmemories\",\"url\":\"https:\\\/\\\/www.sweetmemories.it\\\/\",\"logo\":{\"@type\":\"ImageObject\",\"inLanguage\":\"en-US\",\"@id\":\"https:\\\/\\\/www.sweetmemories.it\\\/#\\\/schema\\\/logo\\\/image\\\/\",\"url\":\"https:\\\/\\\/www.sweetmemories.it\\\/wp-content\\\/uploads\\\/2024\\\/06\\\/logo.png\",\"contentUrl\":\"https:\\\/\\\/www.sweetmemories.it\\\/wp-content\\\/uploads\\\/2024\\\/06\\\/logo.png\",\"width\":358,\"height\":196,\"caption\":\"Sweetmemories\"},\"image\":{\"@id\":\"https:\\\/\\\/www.sweetmemories.it\\\/#\\\/schema\\\/logo\\\/image\\\/\"},\"sameAs\":[\"https:\\\/\\\/www.facebook.com\\\/share\\\/161jpUKTsi\\\/\",\"https:\\\/\\\/www.instagram.com\\\/sweetmemories_it\\\/\"]}]}<\/script>\n<!-- \/ Yoast SEO plugin. -->","yoast_head_json":{"title":"Ci\u00f9 Ci\u00f9 Limoncello - Sweetmemories","description":"Scopri Ci\u00f9 Ci\u00f9 al gusto di limoncello. Morbidezza, freschezza e dolcezza che ti trasporter\u00e0 nella Costiera Amalfitana. Ideali come regalo, souvenir o per una dolce pausa in qualsiasi momento della giornata.","robots":{"index":"index","follow":"follow","max-snippet":"max-snippet:-1","max-image-preview":"max-image-preview:large","max-video-preview":"max-video-preview:-1"},"canonical":"https:\/\/www.sweetmemories.it\/en\/product\/ciu-ciu-limoncello\/","og_locale":"en_US","og_type":"article","og_title":"Ci\u00f9 Ci\u00f9 Limoncello - Sweetmemories","og_description":"Scopri Ci\u00f9 Ci\u00f9 al gusto di limoncello. Morbidezza, freschezza e dolcezza che ti trasporter\u00e0 nella Costiera Amalfitana. Ideali come regalo, souvenir o per una dolce pausa in qualsiasi momento della giornata.","og_url":"https:\/\/www.sweetmemories.it\/en\/product\/ciu-ciu-limoncello\/","og_site_name":"Sweetmemories","article_publisher":"https:\/\/www.facebook.com\/share\/161jpUKTsi\/","article_modified_time":"2025-05-16T15:15:51+00:00","og_image":[{"width":1707,"height":2560,"url":"https:\/\/www.sweetmemories.it\/wp-content\/uploads\/2024\/06\/1-1-scaled.jpg","type":"image\/jpeg"}],"twitter_card":"summary_large_image","twitter_misc":{"Est. reading time":"2 minutes"},"schema":{"@context":"https:\/\/schema.org","@graph":[{"@type":"WebPage","@id":"https:\/\/www.sweetmemories.it\/prodotto\/ciu-ciu-limoncello\/","url":"https:\/\/www.sweetmemories.it\/prodotto\/ciu-ciu-limoncello\/","name":"Ci\u00f9 Ci\u00f9 Limoncello - Sweetmemories","isPartOf":{"@id":"https:\/\/www.sweetmemories.it\/#website"},"primaryImageOfPage":{"@id":"https:\/\/www.sweetmemories.it\/prodotto\/ciu-ciu-limoncello\/#primaryimage"},"image":{"@id":"https:\/\/www.sweetmemories.it\/prodotto\/ciu-ciu-limoncello\/#primaryimage"},"thumbnailUrl":"https:\/\/www.sweetmemories.it\/wp-content\/uploads\/2024\/06\/1-1-scaled.jpg","datePublished":"2024-06-18T22:45:29+00:00","dateModified":"2025-05-16T15:15:51+00:00","description":"Scopri Ci\u00f9 Ci\u00f9 al gusto di limoncello. Morbidezza, freschezza e dolcezza che ti trasporter\u00e0 nella Costiera Amalfitana. Ideali come regalo, souvenir o per una dolce pausa in qualsiasi momento della giornata.","breadcrumb":{"@id":"https:\/\/www.sweetmemories.it\/prodotto\/ciu-ciu-limoncello\/#breadcrumb"},"inLanguage":"en-US","potentialAction":[{"@type":"ReadAction","target":["https:\/\/www.sweetmemories.it\/prodotto\/ciu-ciu-limoncello\/"]}]},{"@type":"ImageObject","inLanguage":"en-US","@id":"https:\/\/www.sweetmemories.it\/prodotto\/ciu-ciu-limoncello\/#primaryimage","url":"https:\/\/www.sweetmemories.it\/wp-content\/uploads\/2024\/06\/1-1-scaled.jpg","contentUrl":"https:\/\/www.sweetmemories.it\/wp-content\/uploads\/2024\/06\/1-1-scaled.jpg","width":1707,"height":2560},{"@type":"BreadcrumbList","@id":"https:\/\/www.sweetmemories.it\/prodotto\/ciu-ciu-limoncello\/#breadcrumb","itemListElement":[{"@type":"ListItem","position":1,"name":"Home","item":"https:\/\/www.sweetmemories.it\/"},{"@type":"ListItem","position":2,"name":"Shop","item":"https:\/\/www.sweetmemories.it\/negozio\/"},{"@type":"ListItem","position":3,"name":"Ci\u00f9 Ci\u00f9 Limoncello"}]},{"@type":"WebSite","@id":"https:\/\/www.sweetmemories.it\/#website","url":"https:\/\/www.sweetmemories.it\/","name":"Sweetmemories","description":"Dolci Ricordi - Souvenir","publisher":{"@id":"https:\/\/www.sweetmemories.it\/#organization"},"potentialAction":[{"@type":"SearchAction","target":{"@type":"EntryPoint","urlTemplate":"https:\/\/www.sweetmemories.it\/?s={search_term_string}"},"query-input":{"@type":"PropertyValueSpecification","valueRequired":true,"valueName":"search_term_string"}}],"inLanguage":"en-US"},{"@type":"Organization","@id":"https:\/\/www.sweetmemories.it\/#organization","name":"Sweetmemories","url":"https:\/\/www.sweetmemories.it\/","logo":{"@type":"ImageObject","inLanguage":"en-US","@id":"https:\/\/www.sweetmemories.it\/#\/schema\/logo\/image\/","url":"https:\/\/www.sweetmemories.it\/wp-content\/uploads\/2024\/06\/logo.png","contentUrl":"https:\/\/www.sweetmemories.it\/wp-content\/uploads\/2024\/06\/logo.png","width":358,"height":196,"caption":"Sweetmemories"},"image":{"@id":"https:\/\/www.sweetmemories.it\/#\/schema\/logo\/image\/"},"sameAs":["https:\/\/www.facebook.com\/share\/161jpUKTsi\/","https:\/\/www.instagram.com\/sweetmemories_it\/"]}]}},"_links":{"self":[{"href":"https:\/\/www.sweetmemories.it\/en\/wp-json\/wp\/v2\/product\/5369","targetHints":{"allow":["GET"]}}],"collection":[{"href":"https:\/\/www.sweetmemories.it\/en\/wp-json\/wp\/v2\/product"}],"about":[{"href":"https:\/\/www.sweetmemories.it\/en\/wp-json\/wp\/v2\/types\/product"}],"wp:featuredmedia":[{"embeddable":true,"href":"https:\/\/www.sweetmemories.it\/en\/wp-json\/wp\/v2\/media\/5908"}],"wp:attachment":[{"href":"https:\/\/www.sweetmemories.it\/en\/wp-json\/wp\/v2\/media?parent=5369"}],"wp:term":[{"taxonomy":"product_brand","embeddable":true,"href":"https:\/\/www.sweetmemories.it\/en\/wp-json\/wp\/v2\/product_brand?post=5369"},{"taxonomy":"product_cat","embeddable":true,"href":"https:\/\/www.sweetmemories.it\/en\/wp-json\/wp\/v2\/product_cat?post=5369"},{"taxonomy":"product_tag","embeddable":true,"href":"https:\/\/www.sweetmemories.it\/en\/wp-json\/wp\/v2\/product_tag?post=5369"}],"curies":[{"name":"wp","href":"https:\/\/api.w.org\/{rel}","templated":true}]}}